{"id":6,"date":"2025-10-21T10:32:22","date_gmt":"2025-10-21T10:32:22","guid":{"rendered":"https:\/\/claudiasdining.com\/?page_id=6"},"modified":"2025-10-21T10:38:42","modified_gmt":"2025-10-21T10:38:42","slug":"6-2","status":"publish","type":"page","link":"https:\/\/claudiasdining.com\/index.php\/6-2\/","title":{"rendered":"Claudia Feliu \u2013 Chef privada"},"content":{"rendered":"\n<div class=\"wp-block-group alignfull has-global-padding is-layout-constrained wp-container-core-group-is-layout-0c9c989a wp-block-group-is-layout-constrained\" style=\"min-height:0vh;margin-top:0;margin-bottom:0;padding-top:var(--wp--preset--spacing--70);padding-right:var(--wp--preset--spacing--40);padding-bottom:var(--wp--preset--spacing--70);padding-left:var(--wp--preset--spacing--40)\">\n<div class=\"wp-block-group has-global-padding is-layout-constrained wp-container-core-group-is-layout-346627ba wp-block-group-is-layout-constrained\">\n<p class=\"has-text-align-center\">Cenas privadas, caterings y experiencias gastron\u00f3micas de autor en Catalu\u00f1a<\/p>\n<\/div>\n<\/div>\n\n\n\n<div class=\"wp-block-group alignfull is-style-section-1 has-global-padding is-layout-constrained wp-block-group-is-layout-constrained is-style-section-1--1\" style=\"margin-top:0;margin-bottom:0;padding-top:var(--wp--preset--spacing--80);padding-bottom:var(--wp--preset--spacing--80)\">\n<div class=\"wp-block-columns alignwide is-layout-flex wp-container-core-columns-is-layout-66fad18a wp-block-columns-is-layout-flex\">\n<div class=\"wp-block-column is-layout-flow wp-block-column-is-layout-flow\" style=\"padding-right:var(--wp--preset--spacing--50);flex-basis:45%\">\n<figure class=\"wp-block-image size-full is-resized\"><img loading=\"lazy\" decoding=\"async\" width=\"360\" height=\"388\" src=\"https:\/\/claudiasdining.com\/wp-content\/uploads\/2025\/10\/A1415FE6-17A7-4A05-90EC-1AB94973EBA5_4_5005_c.jpeg\" alt=\"\" class=\"wp-image-9\" style=\"width:472px;height:auto\" srcset=\"https:\/\/claudiasdining.com\/wp-content\/uploads\/2025\/10\/A1415FE6-17A7-4A05-90EC-1AB94973EBA5_4_5005_c.jpeg 360w, https:\/\/claudiasdining.com\/wp-content\/uploads\/2025\/10\/A1415FE6-17A7-4A05-90EC-1AB94973EBA5_4_5005_c-278x300.jpeg 278w\" sizes=\"auto, (max-width: 360px) 100vw, 360px\" \/><\/figure>\n\n\n\n<div class=\"wp-block-group has-global-padding is-layout-constrained wp-block-group-is-layout-constrained\" style=\"margin-top:-12vw\">\n<figure class=\"wp-block-image alignright size-full is-resized\" style=\"margin-right:-5vw;margin-left:-5vw\"><img loading=\"lazy\" decoding=\"async\" width=\"1179\" height=\"2133\" src=\"https:\/\/claudiasdining.com\/wp-content\/uploads\/2025\/10\/IMG_9928.jpeg\" alt=\"\" class=\"wp-image-10\" style=\"width:261px;height:auto\" srcset=\"https:\/\/claudiasdining.com\/wp-content\/uploads\/2025\/10\/IMG_9928.jpeg 1179w, https:\/\/claudiasdining.com\/wp-content\/uploads\/2025\/10\/IMG_9928-166x300.jpeg 166w, https:\/\/claudiasdining.com\/wp-content\/uploads\/2025\/10\/IMG_9928-566x1024.jpeg 566w, https:\/\/claudiasdining.com\/wp-content\/uploads\/2025\/10\/IMG_9928-768x1389.jpeg 768w, https:\/\/claudiasdining.com\/wp-content\/uploads\/2025\/10\/IMG_9928-849x1536.jpeg 849w, https:\/\/claudiasdining.com\/wp-content\/uploads\/2025\/10\/IMG_9928-1132x2048.jpeg 1132w\" sizes=\"auto, (max-width: 1179px) 100vw, 1179px\" \/><\/figure>\n<\/div>\n<\/div>\n\n\n\n<div class=\"wp-block-column is-vertically-aligned-center is-layout-flow wp-block-column-is-layout-flow\" style=\"padding-right:0;padding-left:0;flex-basis:50%\">\n<div class=\"wp-block-group is-vertical is-layout-flex wp-container-core-group-is-layout-fe9cc265 wp-block-group-is-layout-flex\">\n<h2 class=\"wp-block-heading is-style-text-annotation is-style-text-annotation--2\">Conoce mi historia<\/h2>\n<\/div>\n\n\n\n<p class=\"is-style-text-subtitle is-style-text-subtitle--3\">Soy Claudia Feliu, chef con trayectoria en cocinas y caterings de alto nivel en Espa\u00f1a.<br>Despu\u00e9s de a\u00f1os trabajando en proyectos gastron\u00f3micos que me inspiraron y formaron, decid\u00ed crear mi propio camino: cenas privadas de autor, \u00edntimas, elegantes y con alma.<\/p>\n\n\n\n<p>\u200b<\/p>\n\n\n\n<p>Mi cocina parte del producto local y de temporada, al que doy una nueva vida con t\u00e9cnica internacional. Busco que cada plato cuente una historia y que cada cena se sienta como una experiencia pensada solo para ti.<\/p>\n\n\n\n<p>\u200b<\/p>\n\n\n\n<p class=\"is-style-text-subtitle is-style-text-subtitle--4\">Tambi\u00e9n ofrezco servicios de catering a peque\u00f1a escala, tanto para empresas como para particulares, donde adapto cada detalle \u2014desde el men\u00fa hasta la puesta en escena\u2014 para reflejar la esencia de quien me invita a cocinar.<\/p>\n<\/div>\n<\/div>\n<\/div>\n\n\n\n<div class=\"wp-block-group alignfull has-global-padding is-layout-constrained wp-container-core-group-is-layout-ebee8dc1 wp-block-group-is-layout-constrained\" style=\"margin-top:0;margin-bottom:0;padding-top:var(--wp--preset--spacing--50);padding-bottom:var(--wp--preset--spacing--50)\">\n<h2 class=\"wp-block-heading alignwide is-style-text-display is-style-text-display--5\">Nuestros servicios <\/h2>\n\n\n\n<p>Cada experiencia gastron\u00f3mica que creo es \u00fanica.<br>Mi trabajo consiste en adaptar la alta cocina a cada persona, espacio y ocasi\u00f3n, cuidando cada detalle para que todo fluya con naturalidad.<br>Descubre las diferentes formas en las que puedo llevar mi cocina hasta ti.<\/p>\n\n\n\n<div class=\"wp-block-columns alignwide is-layout-flex wp-container-core-columns-is-layout-28f84493 wp-block-columns-is-layout-flex\">\n<div class=\"wp-block-column is-layout-flow wp-block-column-is-layout-flow\">\n<figure class=\"wp-block-image size-full\" style=\"margin-bottom:24px\"><img loading=\"lazy\" decoding=\"async\" width=\"1767\" height=\"2161\" src=\"https:\/\/claudiasdining.com\/wp-content\/uploads\/2025\/10\/13CD805E-ED14-4947-9F36-8F3687C02063.jpg\" alt=\"\" class=\"wp-image-17\" style=\"aspect-ratio:4\/3;object-fit:cover\" srcset=\"https:\/\/claudiasdining.com\/wp-content\/uploads\/2025\/10\/13CD805E-ED14-4947-9F36-8F3687C02063.jpg 1767w, https:\/\/claudiasdining.com\/wp-content\/uploads\/2025\/10\/13CD805E-ED14-4947-9F36-8F3687C02063-245x300.jpg 245w, https:\/\/claudiasdining.com\/wp-content\/uploads\/2025\/10\/13CD805E-ED14-4947-9F36-8F3687C02063-837x1024.jpg 837w, https:\/\/claudiasdining.com\/wp-content\/uploads\/2025\/10\/13CD805E-ED14-4947-9F36-8F3687C02063-768x939.jpg 768w, https:\/\/claudiasdining.com\/wp-content\/uploads\/2025\/10\/13CD805E-ED14-4947-9F36-8F3687C02063-1256x1536.jpg 1256w, https:\/\/claudiasdining.com\/wp-content\/uploads\/2025\/10\/13CD805E-ED14-4947-9F36-8F3687C02063-1675x2048.jpg 1675w\" sizes=\"auto, (max-width: 1767px) 100vw, 1767px\" \/><\/figure>\n\n\n\n<h3 class=\"wp-block-heading\">Cenas privadas<\/h3>\n\n\n\n<p class=\"has-medium-font-size\">Experiencias gastron\u00f3micas \u00edntimas y exclusivas, dise\u00f1adas para grupos reducidos.<br>Creo men\u00fas de autor con producto local y una cuidada puesta en escena, para que disfrutes de una cena de alta cocina en la comodidad de tu casa o en un espacio privado.<\/p>\n<\/div>\n\n\n\n<div class=\"wp-block-column is-layout-flow wp-block-column-is-layout-flow\">\n<figure class=\"wp-block-image size-full\" style=\"margin-bottom:24px\"><img loading=\"lazy\" decoding=\"async\" width=\"2297\" height=\"2560\" src=\"https:\/\/claudiasdining.com\/wp-content\/uploads\/2025\/10\/IMG_4976-scaled.jpeg\" alt=\"\" class=\"wp-image-18\" style=\"aspect-ratio:4\/3;object-fit:cover\" srcset=\"https:\/\/claudiasdining.com\/wp-content\/uploads\/2025\/10\/IMG_4976-scaled.jpeg 2297w, https:\/\/claudiasdining.com\/wp-content\/uploads\/2025\/10\/IMG_4976-269x300.jpeg 269w, https:\/\/claudiasdining.com\/wp-content\/uploads\/2025\/10\/IMG_4976-919x1024.jpeg 919w, https:\/\/claudiasdining.com\/wp-content\/uploads\/2025\/10\/IMG_4976-768x856.jpeg 768w, https:\/\/claudiasdining.com\/wp-content\/uploads\/2025\/10\/IMG_4976-1378x1536.jpeg 1378w, https:\/\/claudiasdining.com\/wp-content\/uploads\/2025\/10\/IMG_4976-1838x2048.jpeg 1838w\" sizes=\"auto, (max-width: 2297px) 100vw, 2297px\" \/><\/figure>\n\n\n\n<h3 class=\"wp-block-heading\">Chef en casa <\/h3>\n\n\n\n<p class=\"has-medium-font-size\">Un servicio totalmente personalizado, pensado para quienes buscan una experiencia diferente.<br>Me ocupo de todo: desde el dise\u00f1o del men\u00fa hasta la preparaci\u00f3n, el montaje y el servicio. T\u00fa solo tienes que disfrutar y dejarte llevar.<\/p>\n<\/div>\n\n\n\n<div class=\"wp-block-column is-layout-flow wp-block-column-is-layout-flow\">\n<figure class=\"wp-block-image size-full\" style=\"margin-bottom:24px\"><img loading=\"lazy\" decoding=\"async\" width=\"1920\" height=\"2560\" src=\"https:\/\/claudiasdining.com\/wp-content\/uploads\/2025\/10\/IMG_9885-scaled.jpg\" alt=\"\" class=\"wp-image-19\" style=\"aspect-ratio:4\/3;object-fit:cover\" srcset=\"https:\/\/claudiasdining.com\/wp-content\/uploads\/2025\/10\/IMG_9885-scaled.jpg 1920w, https:\/\/claudiasdining.com\/wp-content\/uploads\/2025\/10\/IMG_9885-225x300.jpg 225w, https:\/\/claudiasdining.com\/wp-content\/uploads\/2025\/10\/IMG_9885-768x1024.jpg 768w, https:\/\/claudiasdining.com\/wp-content\/uploads\/2025\/10\/IMG_9885-1152x1536.jpg 1152w, https:\/\/claudiasdining.com\/wp-content\/uploads\/2025\/10\/IMG_9885-1536x2048.jpg 1536w\" sizes=\"auto, (max-width: 1920px) 100vw, 1920px\" \/><\/figure>\n\n\n\n<h3 class=\"wp-block-heading\">Catering personalizado <\/h3>\n\n\n\n<p class=\"has-medium-font-size\">Catering de peque\u00f1o formato para empresas y particulares.<br>Dise\u00f1ado a medida seg\u00fan el tipo de evento, el espacio y la ocasi\u00f3n. Cuidando cada detalle \u2014ingredientes, presentaci\u00f3n, ritmo y atenci\u00f3n\u2014 para reflejar tu estilo y hacer que todo fluya con naturalidad.<\/p>\n<\/div>\n<\/div>\n<\/div>\n\n\n\n<figure class=\"wp-block-gallery has-nested-images columns-default is-cropped wp-block-gallery-6 is-layout-flex wp-block-gallery-is-layout-flex\">\n<figure class=\"wp-block-image size-large\"><img loading=\"lazy\" decoding=\"async\" width=\"722\" height=\"1024\" data-id=\"23\" src=\"https:\/\/claudiasdining.com\/wp-content\/uploads\/2025\/10\/3BDD64C4-0B8D-464D-8F60-82ED5EAFA4CC_1_201_a-722x1024.jpeg\" alt=\"\" class=\"wp-image-23\" srcset=\"https:\/\/claudiasdining.com\/wp-content\/uploads\/2025\/10\/3BDD64C4-0B8D-464D-8F60-82ED5EAFA4CC_1_201_a-722x1024.jpeg 722w, https:\/\/claudiasdining.com\/wp-content\/uploads\/2025\/10\/3BDD64C4-0B8D-464D-8F60-82ED5EAFA4CC_1_201_a-212x300.jpeg 212w, https:\/\/claudiasdining.com\/wp-content\/uploads\/2025\/10\/3BDD64C4-0B8D-464D-8F60-82ED5EAFA4CC_1_201_a-768x1089.jpeg 768w, https:\/\/claudiasdining.com\/wp-content\/uploads\/2025\/10\/3BDD64C4-0B8D-464D-8F60-82ED5EAFA4CC_1_201_a-1083x1536.jpeg 1083w, https:\/\/claudiasdining.com\/wp-content\/uploads\/2025\/10\/3BDD64C4-0B8D-464D-8F60-82ED5EAFA4CC_1_201_a.jpeg 1179w\" sizes=\"auto, (max-width: 722px) 100vw, 722px\" \/><\/figure>\n\n\n\n<figure class=\"wp-block-image size-large\"><img loading=\"lazy\" decoding=\"async\" width=\"768\" height=\"1024\" data-id=\"24\" src=\"https:\/\/claudiasdining.com\/wp-content\/uploads\/2025\/10\/IMG_9785-768x1024.jpeg\" alt=\"\" class=\"wp-image-24\" srcset=\"https:\/\/claudiasdining.com\/wp-content\/uploads\/2025\/10\/IMG_9785-768x1024.jpeg 768w, https:\/\/claudiasdining.com\/wp-content\/uploads\/2025\/10\/IMG_9785-225x300.jpeg 225w, https:\/\/claudiasdining.com\/wp-content\/uploads\/2025\/10\/IMG_9785-1152x1536.jpeg 1152w, https:\/\/claudiasdining.com\/wp-content\/uploads\/2025\/10\/IMG_9785-1536x2048.jpeg 1536w, https:\/\/claudiasdining.com\/wp-content\/uploads\/2025\/10\/IMG_9785-scaled.jpeg 1920w\" sizes=\"auto, (max-width: 768px) 100vw, 768px\" \/><\/figure>\n\n\n\n<figure class=\"wp-block-image size-large\"><img loading=\"lazy\" decoding=\"async\" width=\"768\" height=\"1024\" data-id=\"25\" src=\"https:\/\/claudiasdining.com\/wp-content\/uploads\/2025\/10\/IMG_9839-1-768x1024.jpeg\" alt=\"\" class=\"wp-image-25\" srcset=\"https:\/\/claudiasdining.com\/wp-content\/uploads\/2025\/10\/IMG_9839-1-768x1024.jpeg 768w, https:\/\/claudiasdining.com\/wp-content\/uploads\/2025\/10\/IMG_9839-1-225x300.jpeg 225w, https:\/\/claudiasdining.com\/wp-content\/uploads\/2025\/10\/IMG_9839-1-1152x1536.jpeg 1152w, https:\/\/claudiasdining.com\/wp-content\/uploads\/2025\/10\/IMG_9839-1-1536x2048.jpeg 1536w, https:\/\/claudiasdining.com\/wp-content\/uploads\/2025\/10\/IMG_9839-1-scaled.jpeg 1920w\" sizes=\"auto, (max-width: 768px) 100vw, 768px\" \/><\/figure>\n<\/figure>\n\n\n\n<div class=\"wp-block-group alignfull has-global-padding is-layout-constrained wp-block-group-is-layout-constrained\" style=\"margin-top:0;margin-bottom:0;padding-top:var(--wp--preset--spacing--60);padding-bottom:var(--wp--preset--spacing--60)\">\n<p class=\"is-style-text-display is-style-text-display--7\">Por qu\u00e9 escoger Claudia\u00b4s dining<\/p>\n\n\n\n<p><\/p>\n\n\n\n<p class=\"has-text-align-center has-x-large-font-size\"><em>Exclusividad<\/em> <\/p>\n\n\n\n<p>Cada cena es \u00fanica. Dise\u00f1o cada men\u00fa pensando en ti, en tus gustos y en el momento que quieres celebrar. Mi objetivo es ofrecerte una experiencia gastron\u00f3mica personalizada, \u00edntima y aut\u00e9ntica.<\/p>\n\n\n\n<p class=\"has-text-align-center has-x-large-font-size\"><em>Calidad<\/em><\/p>\n\n\n\n<p><br><br>Trabajo con ingredientes de proximidad, seleccionados por temporada, y los trato con t\u00e9cnicas de alta cocina e tradicional . Cada plato busca equilibrio, pureza y sabor.<\/p>\n\n\n\n<p class=\"has-text-align-center has-x-large-font-size\"><em>Atenci\u00f3n<\/em><\/p>\n\n\n\n<p><br><br>Cuido cada detalle para que tu experiencia sea perfecta de principio a fin. Desde el primer contacto hasta el \u00faltimo bocado, me adapto a ti, al ritmo de tu evento y al ambiente que deseas crear.<\/p>\n\n\n\n<p><\/p>\n\n\n\n<p class=\"is-style-default\"> <\/p>\n\n\n\n<figure class=\"wp-block-gallery has-nested-images columns-default is-cropped wp-block-gallery-8 is-layout-flex wp-block-gallery-is-layout-flex\">\n<figure class=\"wp-block-image size-large\"><img loading=\"lazy\" decoding=\"async\" width=\"870\" height=\"1024\" data-id=\"27\" src=\"https:\/\/claudiasdining.com\/wp-content\/uploads\/2025\/10\/IMG_4966-870x1024.jpeg\" alt=\"\" class=\"wp-image-27\" srcset=\"https:\/\/claudiasdining.com\/wp-content\/uploads\/2025\/10\/IMG_4966-870x1024.jpeg 870w, https:\/\/claudiasdining.com\/wp-content\/uploads\/2025\/10\/IMG_4966-255x300.jpeg 255w, https:\/\/claudiasdining.com\/wp-content\/uploads\/2025\/10\/IMG_4966-768x904.jpeg 768w, https:\/\/claudiasdining.com\/wp-content\/uploads\/2025\/10\/IMG_4966-1305x1536.jpeg 1305w, https:\/\/claudiasdining.com\/wp-content\/uploads\/2025\/10\/IMG_4966-1740x2048.jpeg 1740w\" sizes=\"auto, (max-width: 870px) 100vw, 870px\" \/><\/figure>\n\n\n\n<figure class=\"wp-block-image size-large\"><img loading=\"lazy\" decoding=\"async\" width=\"768\" height=\"1024\" data-id=\"20\" src=\"https:\/\/claudiasdining.com\/wp-content\/uploads\/2025\/10\/IMG_0010-768x1024.jpg\" alt=\"\" class=\"wp-image-20\" srcset=\"https:\/\/claudiasdining.com\/wp-content\/uploads\/2025\/10\/IMG_0010-768x1024.jpg 768w, https:\/\/claudiasdining.com\/wp-content\/uploads\/2025\/10\/IMG_0010-225x300.jpg 225w, https:\/\/claudiasdining.com\/wp-content\/uploads\/2025\/10\/IMG_0010-scaled.jpg 1920w\" sizes=\"auto, (max-width: 768px) 100vw, 768px\" \/><\/figure>\n<\/figure>\n\n\n\n<p class=\"is-style-default\"><\/p>\n\n\n\n<h2 class=\"wp-block-heading alignwide has-text-align-center\">Reserva tu experiencia <\/h2>\n\n\n\n<p class=\"has-text-align-center\">Cu\u00e9ntame qu\u00e9 tipo de experiencia te gustar\u00eda vivir.<br>Ya sea una cena privada, un evento \u00edntimo o un catering a medida. Cu\u00e9ntame tu idea y dise\u00f1aremos juntos una propuesta que se adapte a ti, a tu espacio y al momento que quieras celebrar.<\/p>\n\n\n\n<p>WhatsApp \/ Tel\u00e9fono: +34 673 916 789<\/p>\n\n\n\n<p>\u200bInstagram\/tik tok: @claudiasdining<\/p>\n\n\n\n<p>Email: Info@claudiasdining.com<\/p>\n\n\n\n<div style=\"height:var(--wp--preset--spacing--40)\" aria-hidden=\"true\" class=\"wp-block-spacer\"><\/div>\n\n\n\n<div class=\"wp-block-columns alignwide is-layout-flex wp-container-core-columns-is-layout-1d9f35bd wp-block-columns-is-layout-flex\">\n<div class=\"wp-block-column is-layout-flow wp-block-column-is-layout-flow\"><\/div>\n\n\n\n<div class=\"wp-block-column is-layout-flow wp-block-column-is-layout-flow\"><\/div>\n<\/div>\n<\/div>\n","protected":false},"excerpt":{"rendered":"<p>Cenas privadas, caterings y experiencias gastron\u00f3micas de autor en Catalu\u00f1a Conoce mi historia Soy Claudia Feliu, chef con trayectoria en cocinas y caterings de alto nivel en Espa\u00f1a.Despu\u00e9s de a\u00f1os trabajando en proyectos gastron\u00f3micos que me inspiraron y formaron, decid\u00ed crear mi propio camino: cenas privadas de autor, \u00edntimas, elegantes y con alma. \u200b Mi [&hellip;]<\/p>\n","protected":false},"author":1,"featured_media":28,"parent":0,"menu_order":0,"comment_status":"closed","ping_status":"closed","template":"","meta":{"footnotes":""},"class_list":["post-6","page","type-page","status-publish","has-post-thumbnail","hentry"],"_links":{"self":[{"href":"https:\/\/claudiasdining.com\/index.php\/wp-json\/wp\/v2\/pages\/6","targetHints":{"allow":["GET"]}}],"collection":[{"href":"https:\/\/claudiasdining.com\/index.php\/wp-json\/wp\/v2\/pages"}],"about":[{"href":"https:\/\/claudiasdining.com\/index.php\/wp-json\/wp\/v2\/types\/page"}],"author":[{"embeddable":true,"href":"https:\/\/claudiasdining.com\/index.php\/wp-json\/wp\/v2\/users\/1"}],"replies":[{"embeddable":true,"href":"https:\/\/claudiasdining.com\/index.php\/wp-json\/wp\/v2\/comments?post=6"}],"version-history":[{"count":8,"href":"https:\/\/claudiasdining.com\/index.php\/wp-json\/wp\/v2\/pages\/6\/revisions"}],"predecessor-version":[{"id":41,"href":"https:\/\/claudiasdining.com\/index.php\/wp-json\/wp\/v2\/pages\/6\/revisions\/41"}],"wp:featuredmedia":[{"embeddable":true,"href":"https:\/\/claudiasdining.com\/index.php\/wp-json\/wp\/v2\/media\/28"}],"wp:attachment":[{"href":"https:\/\/claudiasdining.com\/index.php\/wp-json\/wp\/v2\/media?parent=6"}],"curies":[{"name":"wp","href":"https:\/\/api.w.org\/{rel}","templated":true}]}}